{"id":1361,"date":"2020-02-02T15:38:52","date_gmt":"2020-02-02T14:38:52","guid":{"rendered":"https:\/\/www.lesjardinsducoq.com\/v2\/?page_id=1361"},"modified":"2025-12-21T12:15:00","modified_gmt":"2025-12-21T11:15:00","slug":"decouverte","status":"publish","type":"page","link":"https:\/\/www.lesjardinsducoq.com\/v2\/decouverte\/","title":{"rendered":"LES JARDINS"},"content":{"rendered":"\n<figure class=\"wp-block-image size-large is-style-default\"><img loading=\"lazy\" decoding=\"async\" width=\"1024\" height=\"768\" src=\"https:\/\/www.lesjardinsducoq.com\/v2\/wp-content\/uploads\/2023\/07\/DSC00541-1024x768.jpg\" alt=\"\" class=\"wp-image-4645\" srcset=\"https:\/\/www.lesjardinsducoq.com\/v2\/wp-content\/uploads\/2023\/07\/DSC00541-1024x768.jpg 1024w, https:\/\/www.lesjardinsducoq.com\/v2\/wp-content\/uploads\/2023\/07\/DSC00541-300x225.jpg 300w, https:\/\/www.lesjardinsducoq.com\/v2\/wp-content\/uploads\/2023\/07\/DSC00541-768x576.jpg 768w, https:\/\/www.lesjardinsducoq.com\/v2\/wp-content\/uploads\/2023\/07\/DSC00541-1536x1152.jpg 1536w, https:\/\/www.lesjardinsducoq.com\/v2\/wp-content\/uploads\/2023\/07\/DSC00541-750x562.jpg 750w, https:\/\/www.lesjardinsducoq.com\/v2\/wp-content\/uploads\/2023\/07\/DSC00541.jpg 1815w\" sizes=\"auto, (max-width: 1024px) 100vw, 1024px\" \/><\/figure>\n\n\n\n<h2 class=\"wp-block-heading has-text-align-center has-text-color\" style=\"color:#678726\"> <strong>Entre Charente et Dordogne P\u00e9rigord, \u00e0 10 mn d\u2019Aubeterre sur Dronne. <\/strong> <\/h2>\n\n\n\n<p class=\"has-black-color has-white-background-color has-text-color has-background\">Des jardins au charme po\u00e9tique imagin\u00e9s et entretenus par deux jardiniers passionn\u00e9s. Ils s\u2019\u00e9tendent sur deux hectares en harmonie avec la Nature dans le respect de l\u2019environnement et de la biodiversit\u00e9. <\/p>\n\n\n\n<div class=\"wp-block-columns is-layout-flex wp-container-core-columns-is-layout-9d6595d7 wp-block-columns-is-layout-flex\">\n<div class=\"wp-block-column is-layout-flow wp-block-column-is-layout-flow\">\n<h4 class=\"wp-block-heading has-text-align-center has-text-color\" style=\"color:#678726\">Les chambres de verdure<\/h4>\n<\/div>\n\n\n\n<div class=\"wp-block-column is-layout-flow wp-block-column-is-layout-flow\">\n<h4 class=\"wp-block-heading has-text-align-center has-text-color\" style=\"color:#678726\">L&rsquo;espace naturel<\/h4>\n<\/div>\n\n\n\n<div class=\"wp-block-column is-layout-flow wp-block-column-is-layout-flow\">\n<h4 class=\"wp-block-heading has-text-align-center has-text-color\" style=\"color:#678726\">L&rsquo;\u00e9tang et le bois<\/h4>\n<\/div>\n<\/div>\n\n\n\n<div class=\"wp-block-columns is-layout-flex wp-container-core-columns-is-layout-9d6595d7 wp-block-columns-is-layout-flex\">\n<div class=\"wp-block-column is-layout-flow wp-block-column-is-layout-flow\">\n<p class=\"has-text-align-center has-black-color has-text-color\">La promenade commence devant la maison dans les chambres de verdure avec diff\u00e9rents th\u00e8mes.<\/p>\n\n\n\n<figure class=\"wp-block-image size-full\"><img loading=\"lazy\" decoding=\"async\" width=\"1690\" height=\"1225\" src=\"https:\/\/www.lesjardinsducoq.com\/v2\/wp-content\/uploads\/2025\/12\/DSC04342.jpg\" alt=\"\" class=\"wp-image-5389\" srcset=\"https:\/\/www.lesjardinsducoq.com\/v2\/wp-content\/uploads\/2025\/12\/DSC04342.jpg 1690w, https:\/\/www.lesjardinsducoq.com\/v2\/wp-content\/uploads\/2025\/12\/DSC04342-300x217.jpg 300w, https:\/\/www.lesjardinsducoq.com\/v2\/wp-content\/uploads\/2025\/12\/DSC04342-1024x742.jpg 1024w, https:\/\/www.lesjardinsducoq.com\/v2\/wp-content\/uploads\/2025\/12\/DSC04342-768x557.jpg 768w, https:\/\/www.lesjardinsducoq.com\/v2\/wp-content\/uploads\/2025\/12\/DSC04342-1536x1113.jpg 1536w, https:\/\/www.lesjardinsducoq.com\/v2\/wp-content\/uploads\/2025\/12\/DSC04342-750x544.jpg 750w\" sizes=\"auto, (max-width: 1690px) 100vw, 1690px\" \/><figcaption class=\"wp-element-caption\"><a rel=\"noreferrer noopener\" href=\"https:\/\/www.lesjardinsducoq.com\/v2\/les-jardins-v2\/\" data-type=\"page\" data-id=\"1015\" target=\"_blank\">Galerie photos<\/a><\/figcaption><\/figure>\n<\/div>\n\n\n\n<div class=\"wp-block-column is-layout-flow wp-block-column-is-layout-flow\">\n<p class=\"has-text-align-center has-black-color has-text-color\">Apr\u00e8s le pont, le champs de lavande ouvre sur un espace plus naturel.<\/p>\n\n\n\n<figure class=\"wp-block-image size-large\"><img loading=\"lazy\" decoding=\"async\" width=\"1024\" height=\"768\" src=\"https:\/\/www.lesjardinsducoq.com\/v2\/wp-content\/uploads\/2025\/12\/DSC04153-1024x768.jpg\" alt=\"\" class=\"wp-image-5379\" srcset=\"https:\/\/www.lesjardinsducoq.com\/v2\/wp-content\/uploads\/2025\/12\/DSC04153-1024x768.jpg 1024w, https:\/\/www.lesjardinsducoq.com\/v2\/wp-content\/uploads\/2025\/12\/DSC04153-300x225.jpg 300w, https:\/\/www.lesjardinsducoq.com\/v2\/wp-content\/uploads\/2025\/12\/DSC04153-768x576.jpg 768w, https:\/\/www.lesjardinsducoq.com\/v2\/wp-content\/uploads\/2025\/12\/DSC04153-1536x1152.jpg 1536w, https:\/\/www.lesjardinsducoq.com\/v2\/wp-content\/uploads\/2025\/12\/DSC04153-750x562.jpg 750w, https:\/\/www.lesjardinsducoq.com\/v2\/wp-content\/uploads\/2025\/12\/DSC04153.jpg 1686w\" sizes=\"auto, (max-width: 1024px) 100vw, 1024px\" \/><figcaption class=\"wp-element-caption\"><a rel=\"noreferrer noopener\" href=\"https:\/\/www.lesjardinsducoq.com\/v2\/lespace-naturel\/\" data-type=\"page\" data-id=\"1075\" target=\"_blank\">Galerie photos<\/a><\/figcaption><\/figure>\n<\/div>\n\n\n\n<div class=\"wp-block-column is-layout-flow wp-block-column-is-layout-flow\">\n<p class=\"has-text-align-center has-black-color has-text-color\">Pr\u00e8s de l\u2019\u00e9tang et du bois de La Paloma la balade vous invite dans un univers de contes et l\u00e9gendes.<\/p>\n\n\n\n<figure class=\"wp-block-image size-large\"><img loading=\"lazy\" decoding=\"async\" width=\"1024\" height=\"768\" src=\"https:\/\/www.lesjardinsducoq.com\/v2\/wp-content\/uploads\/2020\/01\/DSC08965-1024x768.jpg\" alt=\"\" class=\"wp-image-1070\" srcset=\"https:\/\/www.lesjardinsducoq.com\/v2\/wp-content\/uploads\/2020\/01\/DSC08965-1024x768.jpg 1024w, https:\/\/www.lesjardinsducoq.com\/v2\/wp-content\/uploads\/2020\/01\/DSC08965-300x225.jpg 300w, https:\/\/www.lesjardinsducoq.com\/v2\/wp-content\/uploads\/2020\/01\/DSC08965-768x576.jpg 768w, https:\/\/www.lesjardinsducoq.com\/v2\/wp-content\/uploads\/2020\/01\/DSC08965-1536x1152.jpg 1536w, https:\/\/www.lesjardinsducoq.com\/v2\/wp-content\/uploads\/2020\/01\/DSC08965-2048x1536.jpg 2048w, https:\/\/www.lesjardinsducoq.com\/v2\/wp-content\/uploads\/2020\/01\/DSC08965-750x563.jpg 750w\" sizes=\"auto, (max-width: 1024px) 100vw, 1024px\" \/><figcaption class=\"wp-element-caption\"><a href=\"https:\/\/www.lesjardinsducoq.com\/v2\/letang-et-le-bois\/\" data-type=\"page\" data-id=\"1077\" target=\"_blank\" rel=\"noreferrer noopener\">Galerie photos<\/a><\/figcaption><\/figure>\n<\/div>\n<\/div>\n\n\n\n<p class=\"has-text-align-center has-black-color has-text-color has-background\" style=\"background-color:#f7f3df\">De nombreux bancs et fauteuils sont \u00e0 disposition.<\/p>\n\n\n\n<h2 class=\"wp-block-heading has-text-align-center has-text-color\" style=\"color:#678726\">Plan des jardins<\/h2>\n\n\n\n<figure class=\"wp-block-image size-large\"><img loading=\"lazy\" decoding=\"async\" width=\"1024\" height=\"644\" src=\"https:\/\/www.lesjardinsducoq.com\/v2\/wp-content\/uploads\/2024\/05\/plan-2024-1024x644.jpg\" alt=\"\" class=\"wp-image-4921\" srcset=\"https:\/\/www.lesjardinsducoq.com\/v2\/wp-content\/uploads\/2024\/05\/plan-2024-1024x644.jpg 1024w, https:\/\/www.lesjardinsducoq.com\/v2\/wp-content\/uploads\/2024\/05\/plan-2024-300x189.jpg 300w, https:\/\/www.lesjardinsducoq.com\/v2\/wp-content\/uploads\/2024\/05\/plan-2024-768x483.jpg 768w, https:\/\/www.lesjardinsducoq.com\/v2\/wp-content\/uploads\/2024\/05\/plan-2024-1536x966.jpg 1536w, https:\/\/www.lesjardinsducoq.com\/v2\/wp-content\/uploads\/2024\/05\/plan-2024-2048x1288.jpg 2048w, https:\/\/www.lesjardinsducoq.com\/v2\/wp-content\/uploads\/2024\/05\/plan-2024-750x472.jpg 750w\" sizes=\"auto, (max-width: 1024px) 100vw, 1024px\" \/><\/figure>\n\n\n\n<figure class=\"wp-block-gallery has-nested-images columns-default is-cropped wp-block-gallery-1 is-layout-flex wp-block-gallery-is-layout-flex\">\n<figure class=\"wp-block-image size-large\"><img loading=\"lazy\" decoding=\"async\" width=\"1024\" height=\"768\" data-id=\"3286\" src=\"https:\/\/www.lesjardinsducoq.com\/v2\/wp-content\/uploads\/2021\/02\/DSC01249-1024x768.jpg\" alt=\"\" class=\"wp-image-3286\" srcset=\"https:\/\/www.lesjardinsducoq.com\/v2\/wp-content\/uploads\/2021\/02\/DSC01249-1024x768.jpg 1024w, https:\/\/www.lesjardinsducoq.com\/v2\/wp-content\/uploads\/2021\/02\/DSC01249-300x225.jpg 300w, https:\/\/www.lesjardinsducoq.com\/v2\/wp-content\/uploads\/2021\/02\/DSC01249-768x576.jpg 768w, https:\/\/www.lesjardinsducoq.com\/v2\/wp-content\/uploads\/2021\/02\/DSC01249-1536x1152.jpg 1536w, https:\/\/www.lesjardinsducoq.com\/v2\/wp-content\/uploads\/2021\/02\/DSC01249-750x563.jpg 750w, https:\/\/www.lesjardinsducoq.com\/v2\/wp-content\/uploads\/2021\/02\/DSC01249.jpg 1556w\" sizes=\"auto, (max-width: 1024px) 100vw, 1024px\" \/><\/figure>\n\n\n\n<figure class=\"wp-block-image size-large\"><img loading=\"lazy\" decoding=\"async\" width=\"1024\" height=\"768\" data-id=\"3299\" src=\"https:\/\/www.lesjardinsducoq.com\/v2\/wp-content\/uploads\/2021\/02\/DSC01236-1024x768.jpg\" alt=\"\" class=\"wp-image-3299\" srcset=\"https:\/\/www.lesjardinsducoq.com\/v2\/wp-content\/uploads\/2021\/02\/DSC01236-1024x768.jpg 1024w, https:\/\/www.lesjardinsducoq.com\/v2\/wp-content\/uploads\/2021\/02\/DSC01236-300x225.jpg 300w, https:\/\/www.lesjardinsducoq.com\/v2\/wp-content\/uploads\/2021\/02\/DSC01236-768x576.jpg 768w, https:\/\/www.lesjardinsducoq.com\/v2\/wp-content\/uploads\/2021\/02\/DSC01236-1536x1152.jpg 1536w, https:\/\/www.lesjardinsducoq.com\/v2\/wp-content\/uploads\/2021\/02\/DSC01236-750x563.jpg 750w, https:\/\/www.lesjardinsducoq.com\/v2\/wp-content\/uploads\/2021\/02\/DSC01236.jpg 1556w\" sizes=\"auto, (max-width: 1024px) 100vw, 1024px\" \/><\/figure>\n\n\n\n<figure class=\"wp-block-image size-large\"><img loading=\"lazy\" decoding=\"async\" width=\"1024\" height=\"768\" data-id=\"3298\" src=\"https:\/\/www.lesjardinsducoq.com\/v2\/wp-content\/uploads\/2021\/02\/DSC02078-1024x768.jpg\" alt=\"\" class=\"wp-image-3298\" srcset=\"https:\/\/www.lesjardinsducoq.com\/v2\/wp-content\/uploads\/2021\/02\/DSC02078-1024x768.jpg 1024w, https:\/\/www.lesjardinsducoq.com\/v2\/wp-content\/uploads\/2021\/02\/DSC02078-300x225.jpg 300w, https:\/\/www.lesjardinsducoq.com\/v2\/wp-content\/uploads\/2021\/02\/DSC02078-768x576.jpg 768w, https:\/\/www.lesjardinsducoq.com\/v2\/wp-content\/uploads\/2021\/02\/DSC02078-1536x1152.jpg 1536w, https:\/\/www.lesjardinsducoq.com\/v2\/wp-content\/uploads\/2021\/02\/DSC02078-750x563.jpg 750w, https:\/\/www.lesjardinsducoq.com\/v2\/wp-content\/uploads\/2021\/02\/DSC02078.jpg 1556w\" sizes=\"auto, (max-width: 1024px) 100vw, 1024px\" \/><\/figure>\n<\/figure>\n\n\n\n<figure class=\"wp-block-audio\"><audio controls src=\"https:\/\/www.lesjardinsducoq.com\/v2\/wp-content\/uploads\/2020\/02\/Rouge_gorge.mp3\" autoplay loop><\/audio><\/figure>\n\n\n\n<p class=\"has-text-align-center has-very-dark-gray-color has-text-color\"><\/p>\n","protected":false},"excerpt":{"rendered":"<p>Entre Charente et Dordogne P\u00e9rigord, \u00e0 10 mn d\u2019Aubeterre sur Dronne. Des jardins au charme po\u00e9tique imagin\u00e9s et entretenus par deux jardiniers passionn\u00e9s. Ils s\u2019\u00e9tendent sur deux hectares en harmonie avec la Nature dans le respect de l\u2019environnement et de la biodiversit\u00e9. Les chambres de verdure L&rsquo;espace naturel L&rsquo;\u00e9tang et le bois La promenade commence&hellip;<a href=\"https:\/\/www.lesjardinsducoq.com\/v2\/decouverte\/\" class=\"more-link\">Continue reading <span class=\"screen-reader-text\">LES JARDINS<\/span><\/a><\/p>\n","protected":false},"author":2,"featured_media":0,"parent":0,"menu_order":0,"comment_status":"closed","ping_status":"closed","template":"","meta":{"_acf_changed":false,"footnotes":""},"class_list":["post-1361","page","type-page","status-publish","hentry"],"acf":[],"_links":{"self":[{"href":"https:\/\/www.lesjardinsducoq.com\/v2\/wp-json\/wp\/v2\/pages\/1361","targetHints":{"allow":["GET"]}}],"collection":[{"href":"https:\/\/www.lesjardinsducoq.com\/v2\/wp-json\/wp\/v2\/pages"}],"about":[{"href":"https:\/\/www.lesjardinsducoq.com\/v2\/wp-json\/wp\/v2\/types\/page"}],"author":[{"embeddable":true,"href":"https:\/\/www.lesjardinsducoq.com\/v2\/wp-json\/wp\/v2\/users\/2"}],"replies":[{"embeddable":true,"href":"https:\/\/www.lesjardinsducoq.com\/v2\/wp-json\/wp\/v2\/comments?post=1361"}],"version-history":[{"count":34,"href":"https:\/\/www.lesjardinsducoq.com\/v2\/wp-json\/wp\/v2\/pages\/1361\/revisions"}],"predecessor-version":[{"id":5421,"href":"https:\/\/www.lesjardinsducoq.com\/v2\/wp-json\/wp\/v2\/pages\/1361\/revisions\/5421"}],"wp:attachment":[{"href":"https:\/\/www.lesjardinsducoq.com\/v2\/wp-json\/wp\/v2\/media?parent=1361"}],"curies":[{"name":"wp","href":"https:\/\/api.w.org\/{rel}","templated":true}]}}